{"id":1674,"date":"2019-04-09T07:55:52","date_gmt":"2019-04-09T07:55:52","guid":{"rendered":"https:\/\/leben.hp-thiele.de\/?page_id=93"},"modified":"2025-07-23T12:29:09","modified_gmt":"2025-07-23T12:29:09","slug":"wie-geht-es-weiter","status":"publish","type":"page","link":"https:\/\/www.guetigesherz.de\/WordPress\/trimester-3\/wie-geht-es-weiter","title":{"rendered":"Wie geht es weiter?"},"content":{"rendered":"<p>&nbsp;<\/p>\n<h4 style=\"text-align: center;\"><span style=\"color: #993300; font-family: verdana, geneva, sans-serif;\"><span style=\"font-size: 18pt;\"><span style=\"color: #993300;\">Im \u00e4gyptischen Totenbuch hei\u00dft es, <\/span><\/span><\/span><span style=\"color: #993300; font-family: verdana, geneva, sans-serif;\"><span style=\"font-size: 18pt;\"><span style=\"color: #993300;\">dass der Verstorbene <\/span><\/span><\/span><\/h4>\n<h4 style=\"text-align: center;\"><span style=\"color: #993300; font-family: verdana, geneva, sans-serif;\"><span style=\"font-size: 18pt;\"><span style=\"color: #993300;\">in der Unterwelt auf den gro\u00dfen Richter trifft,<\/span><\/span><\/span><\/h4>\n<h4 style=\"text-align: center;\"><span style=\"color: #993300; font-family: verdana, geneva, sans-serif;\"><span style=\"font-size: 18pt;\"><span style=\"color: #993300;\">der das eigene Herz gegen eine Feder aufwiegt.<\/span><\/span><\/span><\/h4>\n<h4 style=\"text-align: center;\"><span style=\"color: #993300; font-family: verdana, geneva, sans-serif;\"><span style=\"font-size: 18pt;\"><span style=\"color: #993300;\">Diese Feder ist die Feder der Wahrheit.<\/span><\/span><\/span><\/h4>\n<h4 style=\"text-align: center;\"><span style=\"color: #993300; font-family: verdana, geneva, sans-serif;\"><span style=\"font-size: 18pt;\"><span style=\"color: #993300;\">Wessen Herz ist wohl leicht genug,<\/span><\/span><\/span><\/h4>\n<h4 style=\"text-align: center;\"><span style=\"color: #993300; font-family: verdana, geneva, sans-serif;\"><span style=\"font-size: 18pt;\"><span style=\"color: #993300;\">um gegen die Wahrheit aufgewogen zu werden?<\/span><span class=\"Apple-converted-space\">\u00a0<\/span><\/span><\/span><\/h4>\n<p>&nbsp;<\/p>\n<p><img loading=\"lazy\" decoding=\"async\" class=\"aligncenter wp-image-2141\" src=\"https:\/\/www.guetigesherz.de\/WordPress\/wp-content\/uploads\/2025\/02\/jerry-larry-7uvixXrQkfw-unsplash-681x1024.jpg\" alt=\"\" width=\"590\" height=\"887\" srcset=\"https:\/\/www.guetigesherz.de\/WordPress\/wp-content\/uploads\/2025\/02\/jerry-larry-7uvixXrQkfw-unsplash-681x1024.jpg 681w, https:\/\/www.guetigesherz.de\/WordPress\/wp-content\/uploads\/2025\/02\/jerry-larry-7uvixXrQkfw-unsplash-200x300.jpg 200w, https:\/\/www.guetigesherz.de\/WordPress\/wp-content\/uploads\/2025\/02\/jerry-larry-7uvixXrQkfw-unsplash-768x1154.jpg 768w, https:\/\/www.guetigesherz.de\/WordPress\/wp-content\/uploads\/2025\/02\/jerry-larry-7uvixXrQkfw-unsplash-1022x1536.jpg 1022w, https:\/\/www.guetigesherz.de\/WordPress\/wp-content\/uploads\/2025\/02\/jerry-larry-7uvixXrQkfw-unsplash-1363x2048.jpg 1363w, https:\/\/www.guetigesherz.de\/WordPress\/wp-content\/uploads\/2025\/02\/jerry-larry-7uvixXrQkfw-unsplash-100x150.jpg 100w, https:\/\/www.guetigesherz.de\/WordPress\/wp-content\/uploads\/2025\/02\/jerry-larry-7uvixXrQkfw-unsplash-scaled.jpg 1703w\" sizes=\"auto, (max-width: 590px) 100vw, 590px\" \/><\/p>\n<p>&nbsp;<\/p>\n<p style=\"text-align: center;\"><span style=\"font-family: verdana, geneva, sans-serif; font-size: 18pt;\">TAG 1 &amp; 2 &#8211;\u00a0<span style=\"color: #000080;\"><span style=\"color: #993366;\"><a style=\"color: #993366;\" href=\"https:\/\/www.guetigesherz.de\/WordPress\/wp-content\/uploads\/2025\/03\/1-Wie-geht-es-weiter-neu.pdf\" target=\"_blank\" rel=\"noopener\"><span style=\"color: #000080;\">Wie geht es weiter? 1<\/span><\/a><\/span><\/span><\/span><\/p>\n<p style=\"text-align: center;\"><span style=\"font-family: verdana, geneva, sans-serif; font-size: 18pt;\">TAG 3 &amp; 4 &#8211;<span style=\"color: #000080;\"> <a style=\"color: #000080;\" href=\"https:\/\/www.guetigesherz.de\/WordPress\/wp-content\/uploads\/2025\/03\/2-Wie-geht-es-weiter-neu.pdf\" target=\"_blank\" rel=\"noopener\">Wie geht es weiter? 2<\/a><\/span><\/span><\/p>\n<p style=\"text-align: center;\"><span style=\"font-size: 18pt; font-family: verdana, geneva, sans-serif;\">TAG 5 &amp; 6 &#8211; <span style=\"color: #000080;\"><a style=\"color: #000080;\" href=\"https:\/\/www.guetigesherz.de\/WordPress\/wp-content\/uploads\/2025\/03\/3-Wie-geht-es-weiter-neu.pdf\" target=\"_blank\" rel=\"noopener\">Wie geht es weiter? 3<\/a><\/span><\/span><\/p>\n<p style=\"text-align: center;\"><span style=\"font-size: 18pt; font-family: verdana, geneva, sans-serif;\">TAG 7 &amp; 8 &#8211; <span style=\"color: #333399;\"><span style=\"color: #000080;\"><a style=\"color: #000080;\" href=\"https:\/\/www.guetigesherz.de\/WordPress\/wp-content\/uploads\/2025\/03\/4-Wie-geht-es-weiter-neu.pdf\" target=\"_blank\" rel=\"noopener\">Wie geht es weiter? 4<\/a><\/span><\/span><\/span><\/p>\n<p style=\"text-align: center;\"><span style=\"font-family: verdana, geneva, sans-serif; font-size: 18pt;\">TAG 9 &amp; 10 &#8211;\u00a0<span style=\"color: #000080;\"><a style=\"color: #000080;\" href=\"https:\/\/www.guetigesherz.de\/WordPress\/wp-content\/uploads\/2025\/03\/5-Wie-geht-es-weiter-neu.pdf\" target=\"_blank\" rel=\"noopener\">Wie geht es weiter? 5<\/a><\/span><\/span><\/p>\n<p style=\"text-align: center;\"><span style=\"font-family: verdana, geneva, sans-serif; font-size: 18pt;\">TAG 11 &amp; 12 &#8211;\u00a0<span style=\"color: #333399;\"><span style=\"color: #000080;\"><a style=\"color: #000080;\" href=\"https:\/\/www.guetigesherz.de\/WordPress\/wp-content\/uploads\/2025\/03\/6-Wie-geht-es-weiter-neu.pdf\" target=\"_blank\" rel=\"noopener\">Wie geht es weiter? 6<\/a><\/span><\/span><\/span><\/p>\n<p style=\"text-align: center;\"><span style=\"font-family: verdana, geneva, sans-serif; font-size: 18pt;\">TAG 13 &amp; 14 &#8211; <span style=\"color: #000080;\"><a style=\"color: #000080;\" href=\"https:\/\/www.guetigesherz.de\/WordPress\/wp-content\/uploads\/2025\/03\/7-Wie-geht-es-weiter-neu.pdf\" target=\"_blank\" rel=\"noopener\">Wie geht es weiter? 7<\/a><\/span><\/span><\/p>\n<p style=\"text-align: center;\"><span style=\"font-family: verdana, geneva, sans-serif; font-size: 18pt;\">TAG 15 &amp; 16 &#8211; <span style=\"color: #000080;\"><a style=\"color: #000080;\" href=\"https:\/\/www.guetigesherz.de\/WordPress\/wp-content\/uploads\/2025\/03\/8-Wie-geht-es-weiter-neu.pdf\" target=\"_blank\" rel=\"noopener\">Wie geht es weiter? 8<\/a><\/span><\/span><\/p>\n<p style=\"text-align: center;\"><span style=\"font-family: verdana, geneva, sans-serif; font-size: 18pt;\">TAG 17 &amp; 18 &#8211; <span style=\"color: #000080;\"><a style=\"color: #000080;\" href=\"https:\/\/www.guetigesherz.de\/WordPress\/wp-content\/uploads\/2025\/03\/9-Wie-geht-es-weiter-neu.pdf\" target=\"_blank\" rel=\"noopener\">Wie geht es weiter? 9<\/a><\/span><\/span><\/p>\n<p style=\"text-align: center;\"><span style=\"font-family: verdana, geneva, sans-serif; font-size: 18pt;\">TAG 19 &amp; 20 &#8211; <span style=\"color: #000080;\"><a style=\"color: #000080;\" href=\"https:\/\/www.guetigesherz.de\/WordPress\/wp-content\/uploads\/2025\/03\/10-Wie-geht-es-weiter-neu.pdf\" target=\"_blank\" rel=\"noopener\">Wie geht es weiter? 10<\/a><\/span><\/span><\/p>\n<p style=\"text-align: center;\"><span style=\"font-family: verdana, geneva, sans-serif; font-size: 18pt;\">TAG 21 &amp; 22 &#8211; <span style=\"color: #000080;\"><a style=\"color: #000080;\" href=\"https:\/\/www.guetigesherz.de\/WordPress\/wp-content\/uploads\/2025\/03\/11-Wie-geht-es-weiter-neu.pdf\" target=\"_blank\" rel=\"noopener\">Wie geht es weiter? 11<\/a><\/span><\/span><\/p>\n<p style=\"text-align: center;\"><span style=\"font-family: verdana, geneva, sans-serif; font-size: 18pt;\">TAG 23 &amp; 24 &#8211; <span style=\"color: #333399;\"><a href=\"https:\/\/www.guetigesherz.de\/WordPress\/wp-content\/uploads\/2025\/03\/12-Wie-geht-es-weiter-neu.pdf\" target=\"_blank\" rel=\"noopener\"><span style=\"color: #000080;\">Wie geht es weiter? 12<\/span><\/a><\/span><\/span><\/p>\n<p style=\"text-align: center;\"><span style=\"font-family: verdana, geneva, sans-serif; font-size: 18pt;\">TAG 25 &amp; 26 &#8211; <span style=\"color: #000080;\"><a style=\"color: #000080;\" href=\"https:\/\/www.guetigesherz.de\/WordPress\/wp-content\/uploads\/2025\/03\/13-Wie-geht-es-weiter-neu.pdf\" target=\"_blank\" rel=\"noopener\">Wie geht es weiter? 13<\/a><\/span><\/span><\/p>\n<p style=\"text-align: center;\"><span style=\"font-family: verdana, geneva, sans-serif; font-size: 18pt;\">TAG 27 &amp; 28 &#8211; <span style=\"color: #000080;\"><a style=\"color: #000080;\" href=\"https:\/\/www.guetigesherz.de\/WordPress\/wp-content\/uploads\/2025\/03\/14-Wie-geht-es-weiter-neu.pdf\" target=\"_blank\" rel=\"noopener\">Wie geht es weiter? 14<\/a><\/span><\/span><\/p>\n<p style=\"text-align: center;\"><span style=\"font-family: verdana, geneva, sans-serif; font-size: 18pt;\">TAG 29 &amp; 30 &#8211; <span style=\"color: #333399;\"><span style=\"color: #000080;\"><a style=\"color: #000080;\" href=\"https:\/\/www.guetigesherz.de\/WordPress\/wp-content\/uploads\/2025\/03\/15-Wie-geht-es-weiter-neu.pdf\" target=\"_blank\" rel=\"noopener\">Wie geht es weiter? 15<\/a><\/span><\/span><\/span><\/p>\n","protected":false},"excerpt":{"rendered":"<p>&nbsp; Im \u00e4gyptischen Totenbuch hei\u00dft es, dass der Verstorbene in der Unterwelt auf den gro\u00dfen Richter trifft, der das eigene Herz gegen eine Feder aufwiegt. Diese Feder ist die Feder der Wahrheit. Wessen Herz ist wohl leicht genug, um gegen die Wahrheit aufgewogen zu werden?\u00a0 &nbsp; &nbsp; TAG 1 &amp;&#8230;<\/p>\n<p> <a class=\"continue-reading-link\" href=\"https:\/\/www.guetigesherz.de\/WordPress\/trimester-3\/wie-geht-es-weiter\"><span>Continue reading<\/span><i class=\"crycon-right-dir\"><\/i><\/a> <\/p>\n","protected":false},"author":1,"featured_media":0,"parent":1675,"menu_order":5,"comment_status":"closed","ping_status":"closed","template":"","meta":{"footnotes":""},"class_list":["post-1674","page","type-page","status-publish","hentry"],"_links":{"self":[{"href":"https:\/\/www.guetigesherz.de\/WordPress\/wp-json\/wp\/v2\/pages\/1674","targetHints":{"allow":["GET"]}}],"collection":[{"href":"https:\/\/www.guetigesherz.de\/WordPress\/wp-json\/wp\/v2\/pages"}],"about":[{"href":"https:\/\/www.guetigesherz.de\/WordPress\/wp-json\/wp\/v2\/types\/page"}],"author":[{"embeddable":true,"href":"https:\/\/www.guetigesherz.de\/WordPress\/wp-json\/wp\/v2\/users\/1"}],"replies":[{"embeddable":true,"href":"https:\/\/www.guetigesherz.de\/WordPress\/wp-json\/wp\/v2\/comments?post=1674"}],"version-history":[{"count":21,"href":"https:\/\/www.guetigesherz.de\/WordPress\/wp-json\/wp\/v2\/pages\/1674\/revisions"}],"predecessor-version":[{"id":2369,"href":"https:\/\/www.guetigesherz.de\/WordPress\/wp-json\/wp\/v2\/pages\/1674\/revisions\/2369"}],"up":[{"embeddable":true,"href":"https:\/\/www.guetigesherz.de\/WordPress\/wp-json\/wp\/v2\/pages\/1675"}],"wp:attachment":[{"href":"https:\/\/www.guetigesherz.de\/WordPress\/wp-json\/wp\/v2\/media?parent=1674"}],"curies":[{"name":"wp","href":"https:\/\/api.w.org\/{rel}","templated":true}]}}