{"id":1672,"date":"2019-04-09T07:54:13","date_gmt":"2019-04-09T07:54:13","guid":{"rendered":"https:\/\/leben.hp-thiele.de\/?page_id=84"},"modified":"2025-10-14T08:11:34","modified_gmt":"2025-10-14T08:11:34","slug":"loslassen","status":"publish","type":"page","link":"https:\/\/www.guetigesherz.de\/WordPress\/trimester-2\/loslassen","title":{"rendered":"Loslassen"},"content":{"rendered":"<p>&nbsp;<\/p>\n<p style=\"text-align: center;\"><span style=\"font-size: 18pt; color: #993300; font-family: verdana, geneva, sans-serif;\">Du bist wie ein Reisender, der kommt und geht.<\/span><\/p>\n<p style=\"text-align: center;\"><span style=\"font-size: 18pt; color: #993300; font-family: verdana, geneva, sans-serif;\">Du sammelst Wohlstand an<\/span><\/p>\n<p style=\"text-align: center;\"><span style=\"font-size: 18pt; color: #993300; font-family: verdana, geneva, sans-serif;\">und bist stolz auf deine Reicht\u00fcmer.<\/span><\/p>\n<p style=\"text-align: center;\"><span style=\"font-size: 18pt; color: #993300; font-family: verdana, geneva, sans-serif;\">Doch wenn du gehen musst,<\/span><\/p>\n<p style=\"text-align: center;\"><span style=\"font-size: 18pt; color: #993300; font-family: verdana, geneva, sans-serif;\">wirst du nichts mit dir nehmen k\u00f6nnen.<\/span><\/p>\n<p style=\"text-align: center;\"><span style=\"font-size: 18pt; color: #993300; font-family: verdana, geneva, sans-serif;\">Du bist mit geschlossenen F\u00e4usten in diese Welt gekommen,<\/span><\/p>\n<p style=\"text-align: center;\"><span style=\"font-size: 18pt; color: #993300; font-family: verdana, geneva, sans-serif;\">aber wenn du sie verl\u00e4sst, werden deine H\u00e4nde ge\u00f6ffnet sein.<\/span><\/p>\n<p style=\"text-align: center;\"><span style=\"font-size: 18pt; color: #808080; font-family: verdana, geneva, sans-serif;\"><i>Kabir<\/i><\/span><\/p>\n<p>&nbsp;<\/p>\n<p><img loading=\"lazy\" decoding=\"async\" class=\"aligncenter  wp-image-2423\" src=\"https:\/\/www.guetigesherz.de\/WordPress\/wp-content\/uploads\/2025\/10\/aaron-burden-Kp9z6zcUfGw-unsplash-1024x769.jpg\" alt=\"\" width=\"561\" height=\"422\" srcset=\"https:\/\/www.guetigesherz.de\/WordPress\/wp-content\/uploads\/2025\/10\/aaron-burden-Kp9z6zcUfGw-unsplash-1024x769.jpg 1024w, https:\/\/www.guetigesherz.de\/WordPress\/wp-content\/uploads\/2025\/10\/aaron-burden-Kp9z6zcUfGw-unsplash-300x225.jpg 300w, https:\/\/www.guetigesherz.de\/WordPress\/wp-content\/uploads\/2025\/10\/aaron-burden-Kp9z6zcUfGw-unsplash-768x577.jpg 768w, https:\/\/www.guetigesherz.de\/WordPress\/wp-content\/uploads\/2025\/10\/aaron-burden-Kp9z6zcUfGw-unsplash-1536x1153.jpg 1536w, https:\/\/www.guetigesherz.de\/WordPress\/wp-content\/uploads\/2025\/10\/aaron-burden-Kp9z6zcUfGw-unsplash-2048x1538.jpg 2048w, https:\/\/www.guetigesherz.de\/WordPress\/wp-content\/uploads\/2025\/10\/aaron-burden-Kp9z6zcUfGw-unsplash-150x113.jpg 150w\" sizes=\"auto, (max-width: 561px) 100vw, 561px\" \/><\/p>\n<p>&nbsp;<\/p>\n<p style=\"text-align: center;\"><span style=\"font-family: verdana, geneva, sans-serif; font-size: 18pt;\">TAG 1 &amp; 2 &#8211; <span style=\"color: #808000;\"><a style=\"color: #808000;\" href=\"https:\/\/www.guetigesherz.de\/WordPress\/wp-content\/uploads\/2025\/03\/1-Loslassen-neu.pdf\" target=\"_blank\" rel=\"noopener\">Loslassen 1<\/a><\/span><\/span><\/p>\n<p style=\"text-align: center;\"><span style=\"font-family: verdana, geneva, sans-serif; font-size: 18pt;\">TAG 3 &amp; 4 &#8211;<span style=\"color: #808000;\"> <a style=\"color: #808000;\" href=\"https:\/\/www.guetigesherz.de\/WordPress\/wp-content\/uploads\/2025\/03\/2-Loslassen-neu.pdf\" target=\"_blank\" rel=\"noopener\">Loslassen 2<\/a><\/span><\/span><\/p>\n<p style=\"text-align: center;\"><span style=\"font-size: 18pt; font-family: verdana, geneva, sans-serif;\">TAG 5 &amp; 6 &#8211;\u00a0<span style=\"color: #808000;\"><a style=\"color: #808000;\" href=\"https:\/\/www.guetigesherz.de\/WordPress\/wp-content\/uploads\/2025\/03\/3-Loslassen-neu.pdf\" target=\"_blank\" rel=\"noopener\">Loslassen 3<\/a><\/span><\/span><\/p>\n<p style=\"text-align: center;\"><span style=\"font-size: 18pt; font-family: verdana, geneva, sans-serif;\">TAG 7 &amp; 8 &#8211;\u00a0<span style=\"color: #3366ff;\"><span style=\"color: #808000;\"><a style=\"color: #808000;\" href=\"https:\/\/www.guetigesherz.de\/WordPress\/wp-content\/uploads\/2025\/03\/4-Loslassen-neu.pdf\" target=\"_blank\" rel=\"noopener\">Loslassen 4<\/a><\/span><\/span><\/span><\/p>\n<p style=\"text-align: center;\"><span style=\"font-family: verdana, geneva, sans-serif; font-size: 18pt;\">TAG 9 &amp; 10 &#8211;\u00a0<span style=\"color: #808000;\"><a style=\"color: #808000;\" href=\"https:\/\/www.guetigesherz.de\/WordPress\/wp-content\/uploads\/2025\/03\/5-Loslassen-neu.pdf\" target=\"_blank\" rel=\"noopener\">Loslassen 5<\/a><\/span><\/span><\/p>\n<p style=\"text-align: center;\"><span style=\"font-family: verdana, geneva, sans-serif; font-size: 18pt;\">TAG 11 &amp; 12 &#8211;\u00a0<span style=\"color: #808000;\"><a style=\"color: #808000;\" href=\"https:\/\/www.guetigesherz.de\/WordPress\/wp-content\/uploads\/2025\/03\/6-Loslassen-neu.pdf\" target=\"_blank\" rel=\"noopener\">Loslassen 6<\/a><\/span><\/span><\/p>\n<p style=\"text-align: center;\"><span style=\"font-family: verdana, geneva, sans-serif; font-size: 18pt;\">TAG 13 &amp; 14 &#8211;\u00a0<span style=\"color: #808000;\"><a style=\"color: #808000;\" href=\"https:\/\/www.guetigesherz.de\/WordPress\/wp-content\/uploads\/2025\/03\/7-Loslassen-neu.pdf\" target=\"_blank\" rel=\"noopener\">Loslassen 7<\/a><\/span><\/span><\/p>\n<p style=\"text-align: center;\"><span style=\"font-family: verdana, geneva, sans-serif; font-size: 18pt;\">TAG 15 &amp; 16 &#8211;\u00a0<span style=\"color: #808000;\"><a style=\"color: #808000;\" href=\"https:\/\/www.guetigesherz.de\/WordPress\/wp-content\/uploads\/2025\/03\/8-Loslassen-neu.pdf\" target=\"_blank\" rel=\"noopener\">Loslassen 8<\/a><\/span><\/span><\/p>\n<p style=\"text-align: center;\"><span style=\"font-size: 18pt; font-family: verdana, geneva, sans-serif;\">TAG 17 &amp; 18 &#8211; <span style=\"color: #808000;\"><a style=\"color: #808000;\" href=\"https:\/\/www.guetigesherz.de\/WordPress\/wp-content\/uploads\/2025\/03\/9-Loslassen-neu.pdf\" target=\"_blank\" rel=\"noopener\">Loslassen 9<\/a><\/span><\/span><\/p>\n<p style=\"text-align: center;\"><span style=\"font-size: 18pt; font-family: verdana, geneva, sans-serif;\">TAG 19 &amp; 20 &#8211; <span style=\"color: #808000;\"><a style=\"color: #808000;\" href=\"https:\/\/www.guetigesherz.de\/WordPress\/wp-content\/uploads\/2025\/03\/10-Loslassen-neu.pdf\" target=\"_blank\" rel=\"noopener\">Loslassen 10<\/a><\/span><\/span><\/p>\n<p style=\"text-align: center;\"><span style=\"font-family: verdana, geneva, sans-serif; font-size: 18pt;\">TAG 21 &amp; 22 &#8211;\u00a0<span style=\"color: #808000;\"><a style=\"color: #808000;\" href=\"https:\/\/www.guetigesherz.de\/WordPress\/wp-content\/uploads\/2025\/03\/11-Loslassen-neu.pdf\" target=\"_blank\" rel=\"noopener\">Loslassen 11<\/a><\/span><\/span><\/p>\n<p style=\"text-align: center;\"><span style=\"font-family: verdana, geneva, sans-serif; font-size: 18pt;\">TAG 23 &amp; 24 &#8211;\u00a0<span style=\"color: #808000;\"><a style=\"color: #808000;\" href=\"https:\/\/www.guetigesherz.de\/WordPress\/wp-content\/uploads\/2025\/03\/12-Loslassen-neu.pdf\" target=\"_blank\" rel=\"noopener\">Loslassen 12<\/a><\/span><\/span><\/p>\n<p style=\"text-align: center;\"><span style=\"font-size: 18pt; font-family: verdana, geneva, sans-serif;\">TAG 25 &amp; 26 &#8211;<span style=\"color: #808000;\"> <a style=\"color: #808000;\" href=\"https:\/\/www.guetigesherz.de\/WordPress\/wp-content\/uploads\/2025\/03\/13-Loslassen-neu.pdf\" target=\"_blank\" rel=\"noopener\">Loslassen 13<\/a><\/span><\/span><\/p>\n<p style=\"text-align: center;\"><span style=\"font-size: 18pt; font-family: verdana, geneva, sans-serif;\">TAG 27 &amp; 28 &#8211; <span style=\"color: #808000;\"><a style=\"color: #808000;\" href=\"https:\/\/www.guetigesherz.de\/WordPress\/wp-content\/uploads\/2025\/03\/14-Loslassen-neu.pdf\" target=\"_blank\" rel=\"noopener\">Loslassen 14<\/a><\/span><\/span><\/p>\n<p style=\"text-align: center;\"><span style=\"font-family: verdana, geneva, sans-serif; font-size: 18pt;\">TAG 29 &amp; 30 &#8211; <span style=\"color: #808000;\"><a style=\"color: #808000;\" href=\"https:\/\/www.guetigesherz.de\/WordPress\/wp-content\/uploads\/2025\/03\/15-Loslassen-neu.pdf\" target=\"_blank\" rel=\"noopener\">Loslassen 15<\/a><\/span><\/span><\/p>\n","protected":false},"excerpt":{"rendered":"<p>&nbsp; Du bist wie ein Reisender, der kommt und geht. Du sammelst Wohlstand an und bist stolz auf deine Reicht\u00fcmer. Doch wenn du gehen musst, wirst du nichts mit dir nehmen k\u00f6nnen. Du bist mit geschlossenen F\u00e4usten in diese Welt gekommen, aber wenn du sie verl\u00e4sst, werden deine H\u00e4nde ge\u00f6ffnet&#8230;<\/p>\n<p> <a class=\"continue-reading-link\" href=\"https:\/\/www.guetigesherz.de\/WordPress\/trimester-2\/loslassen\"><span>Continue reading<\/span><i class=\"crycon-right-dir\"><\/i><\/a> <\/p>\n","protected":false},"author":1,"featured_media":0,"parent":1667,"menu_order":3,"comment_status":"closed","ping_status":"closed","template":"","meta":{"footnotes":""},"class_list":["post-1672","page","type-page","status-publish","hentry"],"_links":{"self":[{"href":"https:\/\/www.guetigesherz.de\/WordPress\/wp-json\/wp\/v2\/pages\/1672","targetHints":{"allow":["GET"]}}],"collection":[{"href":"https:\/\/www.guetigesherz.de\/WordPress\/wp-json\/wp\/v2\/pages"}],"about":[{"href":"https:\/\/www.guetigesherz.de\/WordPress\/wp-json\/wp\/v2\/types\/page"}],"author":[{"embeddable":true,"href":"https:\/\/www.guetigesherz.de\/WordPress\/wp-json\/wp\/v2\/users\/1"}],"replies":[{"embeddable":true,"href":"https:\/\/www.guetigesherz.de\/WordPress\/wp-json\/wp\/v2\/comments?post=1672"}],"version-history":[{"count":20,"href":"https:\/\/www.guetigesherz.de\/WordPress\/wp-json\/wp\/v2\/pages\/1672\/revisions"}],"predecessor-version":[{"id":2455,"href":"https:\/\/www.guetigesherz.de\/WordPress\/wp-json\/wp\/v2\/pages\/1672\/revisions\/2455"}],"up":[{"embeddable":true,"href":"https:\/\/www.guetigesherz.de\/WordPress\/wp-json\/wp\/v2\/pages\/1667"}],"wp:attachment":[{"href":"https:\/\/www.guetigesherz.de\/WordPress\/wp-json\/wp\/v2\/media?parent=1672"}],"curies":[{"name":"wp","href":"https:\/\/api.w.org\/{rel}","templated":true}]}}